{"id":1266,"date":"2021-10-23T17:46:25","date_gmt":"2021-10-23T15:46:25","guid":{"rendered":"https:\/\/www.pfyffersyte.ch\/?page_id=1266"},"modified":"2023-04-25T15:55:25","modified_gmt":"2023-04-25T13:55:25","slug":"faq","status":"publish","type":"page","link":"https:\/\/www.pfyffersyte.ch\/?page_id=1266","title":{"rendered":"FAQ"},"content":{"rendered":"\n<h1 class=\"wp-block-heading\">FAQ<\/h1>\n\n\n\n<h2 class=\"wp-block-heading\">Wie kann ich eine Anzeige aufgeben?<\/h2>\n\n\n\n<ul class=\"wp-block-list\">\n<li>Klicke im Men\u00fc oben auf \u00abE Aazaig uffg\u00e4h\u00bb<\/li>\n\n\n\n<li>Im neuen Fenster w\u00e4hle eine Kategorie aus (\u00abAllgemein\u00bb oder \u00abIch suech \/ Mir sueche\u00bb und gib deinen Namen als Ersteller der Anzeige ein. <\/li>\n\n\n\n<li>auf die Schaltfl\u00e4che \u00abweiter\u00bb dr\u00fccken<\/li>\n\n\n\n<li>Im neuen Fenster kannst du die automatisch generierten Daten ver\u00e4ndern.<br>Du kannst festlegen, dass die Anzeige erst zu einem sp\u00e4teren Datum auf der Webseite geschaltet wird. Wenn Du auch ein Enddatum festlegst, bleibt die Anzeige bis zu diesem Datum sichtbar. Ungeachtet von der Dauer des eigentlich ausgew\u00e4hlten Plans. Wenn Du kein Enddatum festlegst, bleibt die Anzeige f\u00fcr die gesamte Dauer des ausgew\u00e4hlten Plans online, beginnend vom Startdatum.<\/li>\n\n\n\n<li>In den danach folgenden Feldern schreibe den Titel der Anzeige, optional die Website, den Kontaktnamen (erscheint im Inserat), die Kontakt-E-Mail (Der Zugangscode, welcher ben\u00f6tigt wird um die Anzeige zu editieren, wird an diese E-Mail Adresse gesendet.), optional die Kontakt-Telefonnummer und den Anzeigentext ohne HTML-Tags.<\/li>\n\n\n\n<li>Wenn du willst, kannst du im Feld darunter bis zu vier Fotos hochladen (erscheinen im Inserat)<\/li>\n\n\n\n<li>Mit der Schaltfl\u00e4che FORMULAR LEEREN kannst du alles wieder l\u00f6schen oder die ANZEIGE VERVOLLST\u00c4NDIGEN <\/li>\n\n\n\n<li>Deine Anzeige ist damit ver\u00f6ffentlicht.<\/li>\n<\/ul>\n\n\n\n<h2 class=\"wp-block-heading\">Wie kann ich eine Anzeige l\u00f6schen?<\/h2>\n\n\n\n<ul class=\"wp-block-list\">\n<li>Klicke im Men\u00fc oben auf \u00abAazaig ver\u00e4ndere\u00bb<\/li>\n\n\n\n<li>Im neuen Fenster schreibe deine E-Mail-Adresse ins erste Feld. Ins zweite Feld kopiere den Bearbeitungs-Key, den du in der von uns zugeschickten E-Mail erhalten hast.<\/li>\n\n\n\n<li>Wenn du diesen Zugangsschl\u00fcssel nicht mehr hast, schreibe ins erste Feld deine E-Mail-Adresse und fordere mit einem Klick auf den blauen Link den Bearbeitungs-Key an. Er wird dir nochmals zugesendet.<\/li>\n\n\n\n<li>Im neuen Fenster kannst du deine Anzeige l\u00f6schen oder ver\u00e4ndern.<\/li>\n\n\n\n<li>Solltest du deine Anzeige nicht l\u00f6schen k\u00f6nnen, sende mir \u00fcber das Kontakt-Formular eine Meldung.<\/li>\n<\/ul>\n\n\n\n<h2 class=\"wp-block-heading\">Wie kann ich auf eine Anzeige antworten?<\/h2>\n\n\n\n<ul class=\"wp-block-list\">\n<li>Wenn keine Adresse oder Telefonnummer angegeben ist, klicke auf den Ausdruck, der in der Anzeige unter der \u00dcberschrift &#8222;Kontaggt:&#8220; aufgef\u00fchrt ist.<\/li>\n\n\n\n<li>Im Nachrichtenfeld kannst du deine Mitteilung eingeben und vor dem Senden noch die leichte Rechnungsaufgabe l\u00f6sen&#8230;<\/li>\n<\/ul>\n","protected":false},"excerpt":{"rendered":"<p>FAQ Wie kann ich eine Anzeige aufgeben? Wie kann ich eine Anzeige l\u00f6schen? Wie kann ich auf eine Anzeige antworten?<\/p>\n","protected":false},"author":1,"featured_media":0,"parent":1168,"menu_order":0,"comment_status":"closed","ping_status":"closed","template":"","meta":{"ngg_post_thumbnail":0,"footnotes":""},"class_list":["post-1266","page","type-page","status-publish","hentry"],"_links":{"self":[{"href":"https:\/\/www.pfyffersyte.ch\/index.php?rest_route=\/wp\/v2\/pages\/1266","targetHints":{"allow":["GET"]}}],"collection":[{"href":"https:\/\/www.pfyffersyte.ch\/index.php?rest_route=\/wp\/v2\/pages"}],"about":[{"href":"https:\/\/www.pfyffersyte.ch\/index.php?rest_route=\/wp\/v2\/types\/page"}],"author":[{"embeddable":true,"href":"https:\/\/www.pfyffersyte.ch\/index.php?rest_route=\/wp\/v2\/users\/1"}],"replies":[{"embeddable":true,"href":"https:\/\/www.pfyffersyte.ch\/index.php?rest_route=%2Fwp%2Fv2%2Fcomments&post=1266"}],"version-history":[{"count":5,"href":"https:\/\/www.pfyffersyte.ch\/index.php?rest_route=\/wp\/v2\/pages\/1266\/revisions"}],"predecessor-version":[{"id":1551,"href":"https:\/\/www.pfyffersyte.ch\/index.php?rest_route=\/wp\/v2\/pages\/1266\/revisions\/1551"}],"up":[{"embeddable":true,"href":"https:\/\/www.pfyffersyte.ch\/index.php?rest_route=\/wp\/v2\/pages\/1168"}],"wp:attachment":[{"href":"https:\/\/www.pfyffersyte.ch\/index.php?rest_route=%2Fwp%2Fv2%2Fmedia&parent=1266"}],"curies":[{"name":"wp","href":"https:\/\/api.w.org\/{rel}","templated":true}]}}