{"id":1357,"date":"2022-01-27T15:02:52","date_gmt":"2022-01-27T14:02:52","guid":{"rendered":"https:\/\/www.pfyffersyte.ch\/?page_id=1357"},"modified":"2022-03-08T11:24:45","modified_gmt":"2022-03-08T10:24:45","slug":"stpv","status":"publish","type":"page","link":"https:\/\/www.pfyffersyte.ch\/?page_id=1357","title":{"rendered":"STPV"},"content":{"rendered":"\n<h1 class=\"wp-block-heading\" id=\"marsche-stpv\">M\u00e4rsche STPV<\/h1>\n\n\n\n<div class=\"wp-block-columns is-layout-flex wp-container-core-columns-is-layout-9d6595d7 wp-block-columns-is-layout-flex\">\n<div class=\"wp-block-column is-vertically-aligned-center is-layout-flow wp-block-column-is-layout-flow\" style=\"flex-basis:15%\">\n<figure class=\"wp-block-image size-full is-resized\"><img loading=\"lazy\" decoding=\"async\" src=\"https:\/\/www.pfyffersyte.ch\/wp-content\/uploads\/2022\/01\/logo-bild.jpg\" alt=\"\" class=\"wp-image-1380\" width=\"163\" height=\"113\" srcset=\"https:\/\/www.pfyffersyte.ch\/wp-content\/uploads\/2022\/01\/logo-bild.jpg 1019w, https:\/\/www.pfyffersyte.ch\/wp-content\/uploads\/2022\/01\/logo-bild-768x535.jpg 768w, https:\/\/www.pfyffersyte.ch\/wp-content\/uploads\/2022\/01\/logo-bild-431x300.jpg 431w, https:\/\/www.pfyffersyte.ch\/wp-content\/uploads\/2022\/01\/logo-bild-640x446.jpg 640w\" sizes=\"auto, (max-width: 163px) 100vw, 163px\" \/><\/figure>\n<\/div>\n\n\n\n<div class=\"wp-block-column is-vertically-aligned-top is-layout-flow wp-block-column-is-layout-flow\" style=\"flex-basis:85%\">\n<p style=\"font-size:20px\">Auf der Website des <strong>Schweizerischen Tambouren- und Pfeiferverbands<\/strong> sind alle dem Verband gemeldeten M\u00e4rsche aufgef\u00fchrt (siehe <a rel=\"noreferrer noopener\" href=\"https:\/\/stpv-astf.ch\/downloads\/\" target=\"_blank\">https:\/\/stpv-astf.ch\/downloads\/<\/a>).<\/p>\n<\/div>\n<\/div>\n\n\n\n<p style=\"font-size:20px\">Unter dem Titel \u00ab<strong>Notenverzeichnis der Bl\u00e4ser<\/strong>\u00bb kann man das aktuelle \u00ab<em>Bl\u00e4serkompositionsverzeichnis BKV<\/em>\u00bb sowie einen \u00ab<em>Antrag zur Aufnahme ins BKV<\/em>\u00bb herunterladen. <\/p>\n\n\n\n<p style=\"font-size:20px\">Das <a href=\"\/\/pfyffersyte.ch\/pdf\/BLAeSER-KOMPOSITIONSVERZEICHNIS-2022.pdf\" target=\"_blank\" rel=\"noreferrer noopener\"><strong>Bl\u00e4serkompositionsverzeichnis BKV 2022<\/strong><\/a> kann hier als pdf heruntergeladen werden.<\/p>\n","protected":false},"excerpt":{"rendered":"<p>M\u00e4rsche STPV Auf der Website des Schweizerischen Tambouren- und Pfeiferverbands sind alle dem Verband gemeldeten M\u00e4rsche aufgef\u00fchrt (siehe https:\/\/stpv-astf.ch\/downloads\/). Unter dem Titel \u00abNotenverzeichnis der Bl\u00e4ser\u00bb kann man das aktuelle \u00abBl\u00e4serkompositionsverzeichnis BKV\u00bb sowie einen \u00abAntrag zur Aufnahme ins BKV\u00bb herunterladen. Das Bl\u00e4serkompositionsverzeichnis BKV 2022 kann hier als pdf heruntergeladen werden.<\/p>\n","protected":false},"author":1,"featured_media":0,"parent":836,"menu_order":5,"comment_status":"closed","ping_status":"closed","template":"","meta":{"ngg_post_thumbnail":0,"footnotes":""},"class_list":["post-1357","page","type-page","status-publish","hentry"],"_links":{"self":[{"href":"https:\/\/www.pfyffersyte.ch\/index.php?rest_route=\/wp\/v2\/pages\/1357","targetHints":{"allow":["GET"]}}],"collection":[{"href":"https:\/\/www.pfyffersyte.ch\/index.php?rest_route=\/wp\/v2\/pages"}],"about":[{"href":"https:\/\/www.pfyffersyte.ch\/index.php?rest_route=\/wp\/v2\/types\/page"}],"author":[{"embeddable":true,"href":"https:\/\/www.pfyffersyte.ch\/index.php?rest_route=\/wp\/v2\/users\/1"}],"replies":[{"embeddable":true,"href":"https:\/\/www.pfyffersyte.ch\/index.php?rest_route=%2Fwp%2Fv2%2Fcomments&post=1357"}],"version-history":[{"count":15,"href":"https:\/\/www.pfyffersyte.ch\/index.php?rest_route=\/wp\/v2\/pages\/1357\/revisions"}],"predecessor-version":[{"id":1383,"href":"https:\/\/www.pfyffersyte.ch\/index.php?rest_route=\/wp\/v2\/pages\/1357\/revisions\/1383"}],"up":[{"embeddable":true,"href":"https:\/\/www.pfyffersyte.ch\/index.php?rest_route=\/wp\/v2\/pages\/836"}],"wp:attachment":[{"href":"https:\/\/www.pfyffersyte.ch\/index.php?rest_route=%2Fwp%2Fv2%2Fmedia&parent=1357"}],"curies":[{"name":"wp","href":"https:\/\/api.w.org\/{rel}","templated":true}]}}