{"id":144,"date":"2021-09-29T10:22:58","date_gmt":"2021-09-29T08:22:58","guid":{"rendered":"https:\/\/www.pfyffersyte.ch\/?page_id=144"},"modified":"2021-10-19T21:03:13","modified_gmt":"2021-10-19T19:03:13","slug":"1800a","status":"publish","type":"page","link":"https:\/\/www.pfyffersyte.ch\/?page_id=144","title":{"rendered":"1800a"},"content":{"rendered":"\n<h2 class=\"wp-block-heading\">18. Jahrhundert: Piccolo im deutschen Raum<\/h2>\n\n\n\n<p style=\"font-size:16px\">Die Existenz der kleinen Oktavfl\u00f6te ist im deutschen Raum erst sp\u00e4t im 18.Jahrhundert nachzuweisen. Johann George Tromlitz nennt in seinem 1791 in Leipzig erschienenen Ausf\u00fchrlichen und gr\u00fcndlichen Unterricht die Fl\u00f6te zu spielen \u2026 Octavfl\u00f6ten, welche um eine Octav h\u00f6her stehen, doch will er hier weiter nichts erw\u00e4hnen, weil sie eben nicht gangbar sind.489: Tromlitz, S. 27. Meierott nimmt mit Recht an, dass schon vor 1791 Piccolo-Querfl\u00f6ten bekannt waren490: Meierott, S. 107., doch ihre Verbreitung war zweifelsohne nicht gross, dies im Gegensatz zu Frankreich, wo die neue Oktavfl\u00f6te bald Eingang ins Orchester fand.491: Meierott, von S 199 an.<\/p>\n\n\n\n<p style=\"font-size:16px\">Indem wir bei Francoeur (1772) und aus dem Artikel in der Encyclopedie m\u00e9thodique erfahren, dass in der Milit\u00e4rmusik der fifre durch die kleine Oktavquerfl\u00f6te (Piccolo) ersetzt wird, um zusammen mit der Trommel aufzutreten, schliesst sich der Kreis.<\/p>\n\n\n\n<div class=\"wp-block-image\"><figure class=\"aligncenter size-full\"><img loading=\"lazy\" decoding=\"async\" width=\"287\" height=\"102\" src=\"https:\/\/www.pfyffersyte.ch\/wp-content\/uploads\/2021\/10\/fifreebene.jpg\" alt=\"\" class=\"wp-image-348\" style=\"border:0px;\"\/><figcaption>Fifre aus Frankreich<\/figcaption><\/figure><\/div>\n\n\n\n<p class=\"has-text-align-left has-accent-1-color has-text-color has-background\" style=\"background-color:#eeeeee\"><a href=\"?page_id=115\">12. Jahrhundert: Herkunft aus dem Osten<\/a> \u2013 <a href=\"?page_id=121\">1511: Sebastian Virdung<\/a> \u2013 <a href=\"?page_id=124\">1528 und 1545: Martin Agricola <\/a>\u2013 <a href=\"https:\/\/www.pfyffersyte.ch\/?page_id=127\" data-type=\"page\">1555: Clement Janequin <\/a>\u2013 <a href=\"?page_id=132\">1588: Thoinot Arbeau <\/a>\u2013 <a href=\"?page_id=134\">16. Jahrhundert: Milit\u00e4rfl\u00f6te <\/a>\u2013 <a href=\"?page_id=137\">1619\/20: Michael Praetorius <\/a>\u2013 <a href=\"?page_id=139\">1636: Marin Mersenne <\/a>\u2013 <a href=\"?page_id=141\">18. Jahrhundert: \u00c4nderung der Quellenlage <\/a>\u2013 <a href=\"?page_id=144\">18. Jh.: Piccolo im deutschen Raum <\/a>\u2013 <a href=\"?page_id=146\">Ende 19. Jh.: Piccolo an der Fasnacht <\/a>\u2013 <a href=\"https:\/\/www.pfyffersyte.ch\/?page_id=148\" data-type=\"page\">Exkurs: Trommeln im Historischen Museum in Basel<\/a><\/p>\n","protected":false},"excerpt":{"rendered":"<p>18. Jahrhundert: Piccolo im deutschen Raum Die Existenz der kleinen Oktavfl\u00f6te ist im deutschen Raum erst sp\u00e4t im 18.Jahrhundert nachzuweisen. Johann George Tromlitz nennt in seinem 1791 in Leipzig erschienenen Ausf\u00fchrlichen und gr\u00fcndlichen Unterricht die Fl\u00f6te zu spielen \u2026 Octavfl\u00f6ten, welche um eine Octav h\u00f6her stehen, doch will er hier &hellip;<\/p>\n","protected":false},"author":1,"featured_media":0,"parent":69,"menu_order":9,"comment_status":"closed","ping_status":"closed","template":"","meta":{"ngg_post_thumbnail":0,"footnotes":""},"class_list":["post-144","page","type-page","status-publish","hentry"],"_links":{"self":[{"href":"https:\/\/www.pfyffersyte.ch\/index.php?rest_route=\/wp\/v2\/pages\/144","targetHints":{"allow":["GET"]}}],"collection":[{"href":"https:\/\/www.pfyffersyte.ch\/index.php?rest_route=\/wp\/v2\/pages"}],"about":[{"href":"https:\/\/www.pfyffersyte.ch\/index.php?rest_route=\/wp\/v2\/types\/page"}],"author":[{"embeddable":true,"href":"https:\/\/www.pfyffersyte.ch\/index.php?rest_route=\/wp\/v2\/users\/1"}],"replies":[{"embeddable":true,"href":"https:\/\/www.pfyffersyte.ch\/index.php?rest_route=%2Fwp%2Fv2%2Fcomments&post=144"}],"version-history":[{"count":4,"href":"https:\/\/www.pfyffersyte.ch\/index.php?rest_route=\/wp\/v2\/pages\/144\/revisions"}],"predecessor-version":[{"id":1206,"href":"https:\/\/www.pfyffersyte.ch\/index.php?rest_route=\/wp\/v2\/pages\/144\/revisions\/1206"}],"up":[{"embeddable":true,"href":"https:\/\/www.pfyffersyte.ch\/index.php?rest_route=\/wp\/v2\/pages\/69"}],"wp:attachment":[{"href":"https:\/\/www.pfyffersyte.ch\/index.php?rest_route=%2Fwp%2Fv2%2Fmedia&parent=144"}],"curies":[{"name":"wp","href":"https:\/\/api.w.org\/{rel}","templated":true}]}}