{"id":1480,"date":"2022-03-08T10:58:17","date_gmt":"2022-03-08T09:58:17","guid":{"rendered":"https:\/\/www.pfyffersyte.ch\/?page_id=1480"},"modified":"2022-03-08T11:26:52","modified_gmt":"2022-03-08T10:26:52","slug":"mitpfyffe","status":"publish","type":"page","link":"https:\/\/www.pfyffersyte.ch\/?page_id=1480","title":{"rendered":"Mitpfyffe"},"content":{"rendered":"\n<h1 class=\"wp-block-heading\">Mitpfyffe<\/h1>\n\n\n\n<p>Wenn de e Marsch wllsch leere oder aifach wider emol wilsch ufffrische, kasch do die ainzelne Stimme vo d\u00e4m Marsch by mir verlange. S koschtet dy numme e Stigg Ziibelewaie oder e gueti M\u00e4\u00e4lsuppe. <\/p>\n\n\n\n<p>Wie das goot, ghersch do am Byspiil vom Espagnol.<\/p>\n\n\n\n<h2 class=\"wp-block-heading\">Espagnol<\/h2>\n\n\n\n<figure class=\"wp-block-audio\"><audio controls src=\"https:\/\/www.pfyffersyte.ch\/wp-content\/uploads\/2022\/03\/ESPAGNOL.mp3\"><\/audio><figcaption>Alli drei Stimme<\/figcaption><\/figure>\n\n\n\n<figure class=\"wp-block-audio\"><audio controls src=\"https:\/\/www.pfyffersyte.ch\/wp-content\/uploads\/2022\/03\/ESPAGNOL_Stimme_1.mp3\"><\/audio><figcaption>Die erscht Stimm<\/figcaption><\/figure>\n\n\n\n<figure class=\"wp-block-audio\"><audio controls src=\"https:\/\/www.pfyffersyte.ch\/wp-content\/uploads\/2022\/03\/ESPAGNOL_Stimme_2.mp3\"><\/audio><figcaption>Die zwait Stimm<\/figcaption><\/figure>\n\n\n\n<figure class=\"wp-block-audio\"><audio controls src=\"https:\/\/www.pfyffersyte.ch\/wp-content\/uploads\/2022\/03\/ESPAGNOL_Stimme_3.mp3\"><\/audio><figcaption>Die dritt Stimm<\/figcaption><\/figure>\n\n\n\n<figure class=\"wp-block-audio\"><audio controls src=\"https:\/\/www.pfyffersyte.ch\/wp-content\/uploads\/2022\/03\/ESPAGNOL_Stimmen_1_2.mp3\"><\/audio><figcaption>Die erscht und zwaiti Stimm<\/figcaption><\/figure>\n\n\n\n<figure class=\"wp-block-audio\"><audio controls src=\"https:\/\/www.pfyffersyte.ch\/wp-content\/uploads\/2022\/03\/ESPAGNOL_Stimmen_1_3.mp3\"><\/audio><figcaption>Die erscht und dritte Stimm<\/figcaption><\/figure>\n\n\n\n<figure class=\"wp-block-audio\"><audio controls src=\"https:\/\/www.pfyffersyte.ch\/wp-content\/uploads\/2022\/03\/ESPAGNOL_Stimmen_2_3.mp3\"><\/audio><figcaption>Die zwait und dritte Stimm<\/figcaption><\/figure>\n\n\n\n<h3 class=\"has-text-align-center wp-block-heading\"><a href=\"https:\/\/www.pfyffersyte.ch\/?page_id=12\">Do kasch mer schryybe<\/a><\/h3>\n","protected":false},"excerpt":{"rendered":"<p>Mitpfyffe Wenn de e Marsch wllsch leere oder aifach wider emol wilsch ufffrische, kasch do die ainzelne Stimme vo d\u00e4m Marsch by mir verlange. S koschtet dy numme e Stigg Ziibelewaie oder e gueti M\u00e4\u00e4lsuppe. Wie das goot, ghersch do am Byspiil vom Espagnol. Espagnol Do kasch mer schryybe<\/p>\n","protected":false},"author":1,"featured_media":0,"parent":836,"menu_order":1,"comment_status":"closed","ping_status":"closed","template":"","meta":{"ngg_post_thumbnail":0,"footnotes":""},"class_list":["post-1480","page","type-page","status-publish","hentry"],"_links":{"self":[{"href":"https:\/\/www.pfyffersyte.ch\/index.php?rest_route=\/wp\/v2\/pages\/1480","targetHints":{"allow":["GET"]}}],"collection":[{"href":"https:\/\/www.pfyffersyte.ch\/index.php?rest_route=\/wp\/v2\/pages"}],"about":[{"href":"https:\/\/www.pfyffersyte.ch\/index.php?rest_route=\/wp\/v2\/types\/page"}],"author":[{"embeddable":true,"href":"https:\/\/www.pfyffersyte.ch\/index.php?rest_route=\/wp\/v2\/users\/1"}],"replies":[{"embeddable":true,"href":"https:\/\/www.pfyffersyte.ch\/index.php?rest_route=%2Fwp%2Fv2%2Fcomments&post=1480"}],"version-history":[{"count":4,"href":"https:\/\/www.pfyffersyte.ch\/index.php?rest_route=\/wp\/v2\/pages\/1480\/revisions"}],"predecessor-version":[{"id":1493,"href":"https:\/\/www.pfyffersyte.ch\/index.php?rest_route=\/wp\/v2\/pages\/1480\/revisions\/1493"}],"up":[{"embeddable":true,"href":"https:\/\/www.pfyffersyte.ch\/index.php?rest_route=\/wp\/v2\/pages\/836"}],"wp:attachment":[{"href":"https:\/\/www.pfyffersyte.ch\/index.php?rest_route=%2Fwp%2Fv2%2Fmedia&parent=1480"}],"curies":[{"name":"wp","href":"https:\/\/api.w.org\/{rel}","templated":true}]}}