{"id":1617,"date":"2025-03-21T20:31:52","date_gmt":"2025-03-21T19:31:52","guid":{"rendered":"https:\/\/www.pfyffersyte.ch\/?page_id=1617"},"modified":"2025-06-28T18:28:24","modified_gmt":"2025-06-28T16:28:24","slug":"die-praess-ante","status":"publish","type":"page","link":"https:\/\/www.pfyffersyte.ch\/?page_id=1617","title":{"rendered":"Die Pr\u00e4ss-Ante"},"content":{"rendered":"\n<p class=\"has-larger-font-size\"><strong>Die Pr\u00e4ss-Ante<\/strong><\/p>\n\n\n\n<p class=\"has-large-font-size\">Im Joor 1968 h\u00e4nn vier Schryberling gfunde, si wette z\u00e4mme pfyffe. Si h\u00e4n e Schyssdr\u00e4gg-Zyygli gr\u00fcndet mit em Namme Pr\u00e4ss-Ante. Drby sin d Maria Schoch, d Theres Giger, dr Hanspeter Hammel (-minu) und dr Franz Kilchherr gsi. Will d Elsbeth Thommen grad Zyt kha het, het sie f\u00fcr das Schyssdr\u00e4gg-Ziigli e Lad\u00e4rnli gmoolt. Die vier \u00abPr\u00e4ss-Ante\u00bb sin bis ins Joor 1970 z\u00e4mme bliibe und sin denn alli ihri aigeni W\u00e4\u00e4g gange. \u00dcbrig bliibe us d\u00e4re Zyt sin zwai Lad\u00e4rnli und e baar Erinnrige.<\/p>\n\n\n\n<h2 class=\"wp-block-heading\">d Lad\u00e4rne us em Joor 1969<\/h2>\n\n\n\n<figure class=\"wp-block-image size-full\"><img loading=\"lazy\" decoding=\"async\" width=\"4639\" height=\"1497\" src=\"https:\/\/www.pfyffersyte.ch\/wp-content\/uploads\/2025\/03\/ladaerne-1969-mini-1.jpg\" alt=\"\" class=\"wp-image-1630\"\/><figcaption class=\"wp-element-caption\">Uff d\u00e4\u00e4re Lad\u00e4rne sin Journaliste uss d\u00e4\u00e4re Zyt. <br><strong>R\u00e4chts<\/strong>:Vo r\u00e4chts nach linggs: Markus NN, Hans Bertolf, Barbara NN, Noldi K\u00f6ng,NN, Robert Balthasar Christ (Glopfgaischt), NN Strasser, Arnold Diriw\u00e4chter, NN, NN Latscha, Bernhard Scherz.<br><strong>fasnacht 1969<\/strong>: Peter Ehrsam in dr Rio-Bar <br><strong>\u00c4nte<\/strong>: Hans U.Christen (-sten), NN, C. R. Strasser, NN Kreis, Gustav Adolf Wanner<br><strong>Die Pr\u00e4ss-ante<\/strong>: -minu<\/figcaption><\/figure>\n\n\n\n<p><\/p>\n\n\n\n<h2 class=\"wp-block-heading\">d Lad\u00e4rne us em Joor 1970<\/h2>\n\n\n\n<figure class=\"wp-block-image size-full\"><img loading=\"lazy\" decoding=\"async\" width=\"4572\" height=\"1497\" src=\"https:\/\/www.pfyffersyte.ch\/wp-content\/uploads\/2025\/03\/Ladaerne-100-mini-2.jpg\" alt=\"\" class=\"wp-image-1663\"\/><figcaption class=\"wp-element-caption\">Do drait sich alles um 100. Z\u00e4mme gr\u00e4chnet sin alli vier \u00abPr\u00e4ss-Ante\u00bb 100 Joor alt gsi.<br><strong>R\u00e4chts<\/strong>: Die vier \u00abPr\u00e4ss-ante\u00bb uff em Ehre-S\u00e4ssel.<br><strong>Sytte-Wand Mitti<\/strong>: Das Bildli bruucht e V\u00e4rs, sag nit, das syg perv\u00e4rs<br><strong>100<\/strong>: e baar Regierigsr\u00f6t: oobe linggs: Otto Miescher; unde linggs: Max Wullschleger; Mitti unde: Lukas Burckhardt (Chees). Au dr Beuys, dr Kunschtkredit und d Autobahn-Subvenzione w\u00e4rde erw\u00e4\u00e4nt, aber au die \u00abinnigi\u00bb Fr\u00fcndschaft vo dr Stadt mit em Land.<br><strong>&#8217;s drait sich um 100<\/strong>: d\u00a8Mieschere sait zem Kutter, y schiess jetz s&#8217;G\u00e4ld in Pflutter<\/figcaption><\/figure>\n\n\n\n<p><\/p>\n\n\n\n<p><\/p>\n","protected":false},"excerpt":{"rendered":"<p>Die Pr\u00e4ss-Ante Im Joor 1968 h\u00e4nn vier Schryberling gfunde, si wette z\u00e4mme pfyffe. Si h\u00e4n e Schyssdr\u00e4gg-Zyygli gr\u00fcndet mit em Namme Pr\u00e4ss-Ante. Drby sin d Maria Schoch, d Theres Giger, dr Hanspeter Hammel (-minu) und dr Franz Kilchherr gsi. Will d Elsbeth Thommen grad Zyt kha het, het sie f\u00fcr &hellip;<\/p>\n","protected":false},"author":1,"featured_media":0,"parent":796,"menu_order":3,"comment_status":"closed","ping_status":"closed","template":"","meta":{"ngg_post_thumbnail":0,"footnotes":""},"class_list":["post-1617","page","type-page","status-publish","hentry"],"_links":{"self":[{"href":"https:\/\/www.pfyffersyte.ch\/index.php?rest_route=\/wp\/v2\/pages\/1617","targetHints":{"allow":["GET"]}}],"collection":[{"href":"https:\/\/www.pfyffersyte.ch\/index.php?rest_route=\/wp\/v2\/pages"}],"about":[{"href":"https:\/\/www.pfyffersyte.ch\/index.php?rest_route=\/wp\/v2\/types\/page"}],"author":[{"embeddable":true,"href":"https:\/\/www.pfyffersyte.ch\/index.php?rest_route=\/wp\/v2\/users\/1"}],"replies":[{"embeddable":true,"href":"https:\/\/www.pfyffersyte.ch\/index.php?rest_route=%2Fwp%2Fv2%2Fcomments&post=1617"}],"version-history":[{"count":25,"href":"https:\/\/www.pfyffersyte.ch\/index.php?rest_route=\/wp\/v2\/pages\/1617\/revisions"}],"predecessor-version":[{"id":1672,"href":"https:\/\/www.pfyffersyte.ch\/index.php?rest_route=\/wp\/v2\/pages\/1617\/revisions\/1672"}],"up":[{"embeddable":true,"href":"https:\/\/www.pfyffersyte.ch\/index.php?rest_route=\/wp\/v2\/pages\/796"}],"wp:attachment":[{"href":"https:\/\/www.pfyffersyte.ch\/index.php?rest_route=%2Fwp%2Fv2%2Fmedia&parent=1617"}],"curies":[{"name":"wp","href":"https:\/\/api.w.org\/{rel}","templated":true}]}}