{"id":554,"date":"2021-10-05T18:37:44","date_gmt":"2021-10-05T16:37:44","guid":{"rendered":"https:\/\/www.pfyffersyte.ch\/?page_id=554"},"modified":"2021-10-07T11:02:35","modified_gmt":"2021-10-07T09:02:35","slug":"textdaafele","status":"publish","type":"page","link":"https:\/\/www.pfyffersyte.ch\/?page_id=554","title":{"rendered":"textdaafele"},"content":{"rendered":"\n<div class=\"wp-block-columns is-layout-flex wp-container-core-columns-is-layout-9d6595d7 wp-block-columns-is-layout-flex\">\n<div class=\"wp-block-column is-layout-flow wp-block-column-is-layout-flow\" style=\"flex-basis:33.33%\"><\/div>\n\n\n\n<div class=\"wp-block-column is-vertically-aligned-center is-layout-flow wp-block-column-is-layout-flow\" style=\"flex-basis:66.66%\">\n<h1 class=\"has-text-align-center wp-block-heading\">\u00dcbersichtsdaafele <br>Entwigglig Piccolo<\/h1>\n\n\n\n<div style=\"height:30px\" aria-hidden=\"true\" class=\"wp-block-spacer\"><\/div>\n\n\n\n<p class=\"has-text-align-center\"><a href=\"?page_id=608\">\u00dcbersichtsdaafele mit Bilder<\/a><\/p>\n<\/div>\n<\/div>\n\n\n\n<table class=\"wp-block-table has-subtle-light-gray-background-color has-background is-style-stripes\">\n<thead style=\"background-color:#000;color:#fff;\"><tr style=\"background-color:#000;\"><th>Jahr<\/th><th>Europa allgemein<\/th><th>Schweiz (CH)\/Basel (BS)<\/th><\/tr><\/thead>\n<tbody><tr><td>fr\u00fches <br>12. Jh.<\/td><td>Querfl\u00f6te von Byzanz nach Deutschland<\/td><td>&nbsp;<\/td><\/tr><tr><th>13. Jh.<\/th><td>Provence: Einhandfl\u00f6te und Trommel; <br>\nvon einem einzigen Spieler bet\u00e4tigt<\/td><td>&nbsp;<\/td><\/tr><tr><th>14. Jh.<\/th><td>Fl\u00f6te und Trommel begleiten Marschieren der S\u00f6ldner<\/td><td>&nbsp;<\/td><\/tr><tr><th>1374<\/th><td>&nbsp;<\/td><td>BS: festangestellte Stadtpfeifer; Instrumente: Schalmei, Pommer (Doppelrohrblattinstrument), Zugtrompete oder Posaune, kaum Querfl\u00f6ten<\/td><\/tr><tr><th>1511<\/th><td>Sebastian Virdung-&gt; In Frankreich und Niederland: Die Einhandfl\u00f6te (Schwegel) wird zusammen mit kleiner Trommel (peucklin) zu Tanz und Hochzeit gespielt.<\/td><td>&nbsp;<\/td><\/tr><tr><th>fr\u00fches 16.Jh.<\/th><td>&nbsp;<\/td><td>BS: Stadtpfeifer, die Querfl\u00f6te spielen, sind mit einiger Sicherheit belegt.<\/td><\/tr><tr><th>bis 1545<\/th><td>Erweiterung der Fl\u00f6tenfamilie: drei verschiedenen Instrumentengr\u00f6ssen<\/td><td>&nbsp;<\/td><\/tr><tr><th>1555<\/th><td>Cl\u00e9ment Janequin komponiert f\u00fcr phifre, Tabourin de Suisse\nund Cleron.<\/td><td>&nbsp;<\/td><\/tr><tr><th>1588<\/th><td>Thoinot Arbeau: Beschreibt fifre als kleine Querpfeife mit sechs L\u00f6chern, die vor allem von der Deutschen und Schweizern gespielt werden. Wahrscheinlich Beginn Trennung Querfl\u00f6te von Querpfeifen<\/td><td>&nbsp;<\/td><\/tr><tr><th>16. Jh.<\/th><td>Zwerchpfeife oder Schweitzerpfeife oder fifre<\/td><td>&nbsp;<\/td><\/tr><tr><th>fr\u00fches 17. Jh.<\/th><td>Praetorius differenziert zwischen Querpfeife und Schweitzer-\/Feldpfeife, welche f\u00fcr milit\u00e4rische Eins\u00e4tze dient (mit absonderlichen Griffen)<\/td><td>&nbsp;<\/td><\/tr><tr><th>1636<\/th><td>Marin Mersenne: Unterschied zur Querfl\u00f6te vor allem klanglicher Natur, das Instrument ist enger gebohrt und k\u00fcrzer. &#8222;Der fifre ist das eigentliche Instrument der Schweizer und derjenigen, welche die Trommel schlagen&#8220;<\/td><td>&nbsp;<\/td><\/tr><tr><th>2.H\u00e4lfte 17.Jh.<\/th><td>Die Quefl\u00f6te erh\u00e4lt 3-4 Teile, konisch gebohrt fifre bleibt einteilig, ohne Klappen, zylindrisch gebohrt.<\/td><td>&nbsp;<\/td><\/tr><tr><th>bis 2. H\u00e4lfte 18. Jh.<\/th><td>zylindrische Bohrung, ohne Klappen, wird allm\u00e4hlich durch Piccolo abgel\u00f6st<\/td><td>&nbsp;<\/td><\/tr><tr><th>vor 1791<\/th><td>sind Piccolo-Querfl\u00f6ten wahrscheinlich schon bekannt. Verbreitung im deutschen Sprachgebiet nicht gross im Gegensatz zu Frankreich (schon 1772).<\/td><td>&nbsp;<\/td><\/tr><tr><th>1818\/9<\/th><td>&nbsp;<\/td><td>CH: Ordonnanz f\u00fcr Tambouren\/Pfeifer\/Trompeten in Auftrag gegeben<\/td><\/tr><tr><th>1832?<\/th><td>&nbsp;<\/td><td>CH: Pfeifer verschwinden aus der Armee<\/td><\/tr><tr><th>1834<\/th><td>&nbsp;<\/td><td>BS: erster Morgenstreich<\/td><\/tr><tr><th>1835<\/th><td>&nbsp;<\/td><td>BS: Eltern kaufen dem jungen Johann Jakob Sch\u00e4ublin (1822-1901) Piccolo mit einer Klappe.<\/td><\/tr><tr><th>1843<\/th><td>&nbsp;<\/td><td>BS: Auf 1. Morgenstreichbild: Fanfaren statt Piccolos<\/td><\/tr><tr><th>Mitte 19. Jh.<\/th><td>England: Fifres werden durch konisch gebohrte Instrumente mit einer Klappe abgel\u00f6st.<\/td><td>&nbsp;<\/td><\/tr><tr><th>1856<\/th><td>&nbsp;<\/td><td>BS: Erste Piccolos sind an Fasnacht belegt<\/td><\/tr><tr><th>bis 1900<\/th><td>&nbsp;<\/td><td>BS: Ein-Klappen-Piccolos in Gebrauch<\/td><\/tr><tr><th>1900<\/th><td>&nbsp;<\/td><td>BS: Karl Schell setzt einige M\u00e4rsche 3-stimmig<\/td><\/tr><tr><th>1910<\/th><td>&nbsp;<\/td><td>BS: CR \/ AF \/ MO pfeifen am Drummeli mit grossem Erfolg die Alten 3-stimmig Carl Roth (1879-1958) Albert Fehr (1875-1931) Max Oser (1856-1929)<\/td><\/tr><tr><th>1911<\/th><td>&nbsp;<\/td><td>BS: Fasnachtscomit\u00e9 gibt unter der Mithilfe von Albert Fehr (1875-1931) Fasnachts-M\u00e4rsche heraus. (Fehr setzte die M\u00e4rsche dreistimmig.)<\/td><\/tr><tr><th>1950<\/th><td>&nbsp;<\/td><td>BS: Erwin Oesch, ein aus dem St. Galler-Rheintal eingewanderter Instrumentenbauer, nimmt sich des Basler Piccolos an  Er entwickelte das &#8222;Basler Dybli&#8220; f\u00fcr hohe Lagen und das &#8222;Spezial&#8220; f\u00fcr die tiefen Stimme<\/td><\/tr><\/tbody><\/table>\n","protected":false},"excerpt":{"rendered":"<p>\u00dcbersichtsdaafele Entwigglig Piccolo \u00dcbersichtsdaafele mit Bilder Jahr Europa allgemein Schweiz (CH)\/Basel (BS) fr\u00fches 12. Jh. Querfl\u00f6te von Byzanz nach Deutschland &nbsp; 13. Jh. Provence: Einhandfl\u00f6te und Trommel; von einem einzigen Spieler bet\u00e4tigt &nbsp; 14. Jh. Fl\u00f6te und Trommel begleiten Marschieren der S\u00f6ldner &nbsp; 1374 &nbsp; BS: festangestellte Stadtpfeifer; Instrumente: Schalmei, &hellip;<\/p>\n","protected":false},"author":1,"featured_media":0,"parent":72,"menu_order":0,"comment_status":"closed","ping_status":"closed","template":"","meta":{"ngg_post_thumbnail":0,"footnotes":""},"class_list":["post-554","page","type-page","status-publish","hentry"],"_links":{"self":[{"href":"https:\/\/www.pfyffersyte.ch\/index.php?rest_route=\/wp\/v2\/pages\/554","targetHints":{"allow":["GET"]}}],"collection":[{"href":"https:\/\/www.pfyffersyte.ch\/index.php?rest_route=\/wp\/v2\/pages"}],"about":[{"href":"https:\/\/www.pfyffersyte.ch\/index.php?rest_route=\/wp\/v2\/types\/page"}],"author":[{"embeddable":true,"href":"https:\/\/www.pfyffersyte.ch\/index.php?rest_route=\/wp\/v2\/users\/1"}],"replies":[{"embeddable":true,"href":"https:\/\/www.pfyffersyte.ch\/index.php?rest_route=%2Fwp%2Fv2%2Fcomments&post=554"}],"version-history":[{"count":15,"href":"https:\/\/www.pfyffersyte.ch\/index.php?rest_route=\/wp\/v2\/pages\/554\/revisions"}],"predecessor-version":[{"id":657,"href":"https:\/\/www.pfyffersyte.ch\/index.php?rest_route=\/wp\/v2\/pages\/554\/revisions\/657"}],"up":[{"embeddable":true,"href":"https:\/\/www.pfyffersyte.ch\/index.php?rest_route=\/wp\/v2\/pages\/72"}],"wp:attachment":[{"href":"https:\/\/www.pfyffersyte.ch\/index.php?rest_route=%2Fwp%2Fv2%2Fmedia&parent=554"}],"curies":[{"name":"wp","href":"https:\/\/api.w.org\/{rel}","templated":true}]}}