{"id":666,"date":"2021-10-07T11:35:03","date_gmt":"2021-10-07T09:35:03","guid":{"rendered":"https:\/\/www.pfyffersyte.ch\/?page_id=666"},"modified":"2021-10-07T16:14:29","modified_gmt":"2021-10-07T14:14:29","slug":"heman","status":"publish","type":"page","link":"https:\/\/www.pfyffersyte.ch\/?page_id=666","title":{"rendered":"Heman"},"content":{"rendered":"\n<h1 class=\"wp-block-heading\">Unsere Fasnacht<\/h1>\n\n\n\n<div class=\"wp-block-columns is-layout-flex wp-container-core-columns-is-layout-9d6595d7 wp-block-columns-is-layout-flex\">\n<div class=\"wp-block-column is-layout-flow wp-block-column-is-layout-flow\" style=\"flex-basis:33.33%\">\n<figure class=\"wp-block-image size-full is-style-default\"><img loading=\"lazy\" decoding=\"async\" width=\"360\" height=\"322\" src=\"https:\/\/www.pfyffersyte.ch\/wp-content\/uploads\/2021\/10\/unserefasnacht.jpg\" alt=\"\" class=\"wp-image-677\" srcset=\"https:\/\/www.pfyffersyte.ch\/wp-content\/uploads\/2021\/10\/unserefasnacht.jpg 360w, https:\/\/www.pfyffersyte.ch\/wp-content\/uploads\/2021\/10\/unserefasnacht-335x300.jpg 335w\" sizes=\"auto, (max-width: 360px) 100vw, 360px\" \/><\/figure>\n<\/div>\n\n\n\n<div class=\"wp-block-column is-vertically-aligned-bottom is-layout-flow wp-block-column-is-layout-flow\" style=\"flex-basis:66.66%\">\n<p style=\"font-size:16px\">Ausschnitte aus dem Buch<br><strong>Unsere Fasnacht<\/strong><br>fotografiert und verlegt von Peter Heman<br>Verlag Peter Heman, Basel 1971<\/p>\n<\/div>\n<\/div>\n\n\n\n<h2 class=\"wp-block-heading\">Zum Trommeln und Pfeifen<\/h2>\n\n\n\n<p style=\"font-size:16px\"><em>Text von Georg Dufhaler<\/em><\/p>\n\n\n\n<p style=\"font-size:16px\">Wir haben \u2026 keinen Anlass anzunehmen, der Basler Trommler sei vor dem Untergang der Alten Eidgenossenschaft eigene Wege gegangen. Dass er das dann getan hat, verdankt er h\u00f6chst wahrscheinlich dem in Basel ans\u00e4ssigen \u201eMusicus\u201c B\u00fchler aus Wattwil. \u2026 Am 27. August 1786 in Ebnat geboren, hat sich Johannes B\u00fchler 1815 in Basel niedergelassen. Drei Jahre danach erteilt ihm der eidgen\u00f6ssische Oberst Johann Ernst Ludwig Lichtenhahn in Basel den Auftrag, f\u00fcr die Eidgen\u00f6ssische Milit\u00e4raufsichtskommission die Ordonnanz f\u00fcr die Tambouren, Pfeifer und Trompeter zu verfassen. \u2026<\/p>\n\n\n\n<p style=\"font-size:16px\">Auch von dem mit dem Trommeln eng verbundenen Pfeifen wissen wir erstaunlich wenig. Das h\u00e4ngt sicher damit zusammen, dass die fr\u00fcheste bekannte Ordonnanz die von 1819 ist. Alle \u00e4lteren sind anscheinend verloren.<\/p>\n\n\n\n<p style=\"font-size:16px\">Die Besch\u00e4ftigung mit den Pfeifermelodien in B\u00fchlers Ordonnanz hat bisher lediglich ergeben, dass sie aus einigen \u00e4lteren M\u00e4rschen und aus Liedern und T\u00e4nzen bestehen. B\u00fchler hat sie geschickt zusammengestellt und mit eigenen Kompositionen zu einem harmonischen Ganzen geformt. Die M\u00e4rsche der Ordonnanz sind in D- und in G-Dur zweistimmig gesetzt, sind jedoch nicht mehr lange so gepfiffen worden, was mit dem Verschwinden der Pfeifer in der Armee \u2013 nach 1832? \u2013 zusammenh\u00e4ngen mag. Wenn jedenfalls in den 1850er Jahren und sp\u00e4ter mehrstimmig gepfiffen wurde, so scheint das Aufsehen erregt zu haben. Der Aufschwung kam auch hier, wie beim Trommeln, nach der Jahrhundertwende und ist mit dem Namen Karl Schell, der die damaligen M\u00e4rsche dreistimmig gesetzt hat, verbunden. Bis zu jener Zeit waren \u00fcbrigens noch immer die Piccolos mit nur einer Klappe im Gebrauch.<\/p>\n","protected":false},"excerpt":{"rendered":"<p>Unsere Fasnacht Ausschnitte aus dem BuchUnsere Fasnachtfotografiert und verlegt von Peter HemanVerlag Peter Heman, Basel 1971 Zum Trommeln und Pfeifen Text von Georg Dufhaler Wir haben \u2026 keinen Anlass anzunehmen, der Basler Trommler sei vor dem Untergang der Alten Eidgenossenschaft eigene Wege gegangen. Dass er das dann getan hat, verdankt &hellip;<\/p>\n","protected":false},"author":1,"featured_media":0,"parent":660,"menu_order":1,"comment_status":"closed","ping_status":"closed","template":"","meta":{"ngg_post_thumbnail":0,"footnotes":""},"class_list":["post-666","page","type-page","status-publish","hentry"],"_links":{"self":[{"href":"https:\/\/www.pfyffersyte.ch\/index.php?rest_route=\/wp\/v2\/pages\/666","targetHints":{"allow":["GET"]}}],"collection":[{"href":"https:\/\/www.pfyffersyte.ch\/index.php?rest_route=\/wp\/v2\/pages"}],"about":[{"href":"https:\/\/www.pfyffersyte.ch\/index.php?rest_route=\/wp\/v2\/types\/page"}],"author":[{"embeddable":true,"href":"https:\/\/www.pfyffersyte.ch\/index.php?rest_route=\/wp\/v2\/users\/1"}],"replies":[{"embeddable":true,"href":"https:\/\/www.pfyffersyte.ch\/index.php?rest_route=%2Fwp%2Fv2%2Fcomments&post=666"}],"version-history":[{"count":3,"href":"https:\/\/www.pfyffersyte.ch\/index.php?rest_route=\/wp\/v2\/pages\/666\/revisions"}],"predecessor-version":[{"id":695,"href":"https:\/\/www.pfyffersyte.ch\/index.php?rest_route=\/wp\/v2\/pages\/666\/revisions\/695"}],"up":[{"embeddable":true,"href":"https:\/\/www.pfyffersyte.ch\/index.php?rest_route=\/wp\/v2\/pages\/660"}],"wp:attachment":[{"href":"https:\/\/www.pfyffersyte.ch\/index.php?rest_route=%2Fwp%2Fv2%2Fmedia&parent=666"}],"curies":[{"name":"wp","href":"https:\/\/api.w.org\/{rel}","templated":true}]}}