{"id":744,"date":"2021-10-08T11:16:07","date_gmt":"2021-10-08T09:16:07","guid":{"rendered":"https:\/\/www.pfyffersyte.ch\/?page_id=744"},"modified":"2021-10-14T15:13:40","modified_gmt":"2021-10-14T13:13:40","slug":"downloads","status":"publish","type":"page","link":"https:\/\/www.pfyffersyte.ch\/?page_id=744","title":{"rendered":"Downloads"},"content":{"rendered":"\n<h1 class=\"wp-block-heading\">Downloads<\/h1>\n\n\n\n<p>E baar M\u00e4rsch und vierti Stimme kasch <a href=\"?page_id=840\">do abelaade<\/a> (M\u00e4rsch \u2192 loose-abelaade).<\/p>\n\n\n\n<h3 class=\"wp-block-heading\">\u00dcebige (loose; mp3)<\/h3>\n\n\n\n<ul class=\"wp-block-list\"><li><a href=\"https:\/\/www.pfyffersyte.ch\/mp3\/aigeni\/akkorde_gebrochen.mp3\">akkorde gebrochen<\/a><\/li><li><a href=\"https:\/\/www.pfyffersyte.ch\/mp3\/aigeni\/akkorde_gebrochen_total.mp3\">akkorde gebrochen total<\/a><\/li><li><a href=\"https:\/\/www.pfyffersyte.ch\/mp3\/aigeni\/bindungen1.mp3\">bindungen<\/a><\/li><li><a href=\"https:\/\/www.pfyffersyte.ch\/mp3\/aigeni\/staccato.mp3\">staccato<\/a><\/li><li><a href=\"https:\/\/www.pfyffersyte.ch\/mp3\/aigeni\/triolo3.mp3\">triolo3<\/a><\/li><\/ul>\n\n\n\n<h3 class=\"wp-block-heading\">\u00dcebige (abelaade; pdf)<\/h3>\n\n\n\n<ul class=\"wp-block-list\"><li><a href=\"https:\/\/pfyffersyte.ch\/pdf\/akkorde_gebrochen.pdf\" target=\"_blank\" rel=\"noreferrer noopener\">akkorde gebrochen<\/a><\/li><li><a href=\"https:\/\/pfyffersyte.ch\/pdf\/bindungen1.pdf\" target=\"_blank\" rel=\"noreferrer noopener\">bindungen<\/a><\/li><li><a href=\"https:\/\/www.pfyffersyte.ch\/pdf\/triolo3.pdf\" target=\"_blank\" rel=\"noreferrer noopener\">triolo3<\/a><\/li><\/ul>\n\n\n\n<h3 class=\"wp-block-heading\">Griffdab\u00e4lle (abelaade; pdf)<\/h3>\n\n\n\n<ul class=\"wp-block-list\"><li><a rel=\"noreferrer noopener\" href=\"https:\/\/www.pfyffersyte.ch\/wp-content\/uploads\/2021\/10\/grifftabellen.pdf\" target=\"_blank\">Griffdab\u00e4lle (alli)<\/a><\/li><li><a href=\"https:\/\/www.pfyffersyte.ch\/wp-content\/uploads\/2021\/10\/GT_aifach.pdf\" target=\"_blank\" rel=\"noreferrer noopener\">Griffdab\u00e4lle aifach<\/a><\/li><li><a href=\"https:\/\/www.pfyffersyte.ch\/wp-content\/uploads\/2021\/10\/GT_kombaggt.pdf\" target=\"_blank\" rel=\"noreferrer noopener\">Griffdab\u00e4lle kombaggt<\/a><\/li><li><a href=\"https:\/\/www.pfyffersyte.ch\/wp-content\/uploads\/2021\/10\/GT_normal.pdf\" target=\"_blank\" rel=\"noreferrer noopener\">Griffdab\u00e4lle norma<\/a><a rel=\"noreferrer noopener\" href=\"https:\/\/pfyffersyte-neu.ch\/pdf\/GT_normal.pdf\" target=\"_blank\">l<\/a><\/li><li><a href=\"https:\/\/www.pfyffersyte.ch\/wp-content\/uploads\/2021\/10\/GT_triller.pdf\" target=\"_blank\" rel=\"noreferrer noopener\">Griffdab\u00e4lle triller<\/a><\/li><\/ul>\n\n\n\n<p><\/p>\n","protected":false},"excerpt":{"rendered":"<p>Downloads E baar M\u00e4rsch und vierti Stimme kasch do abelaade (M\u00e4rsch \u2192 loose-abelaade). \u00dcebige (loose; mp3) akkorde gebrochen akkorde gebrochen total bindungen staccato triolo3 \u00dcebige (abelaade; pdf) akkorde gebrochen bindungen triolo3 Griffdab\u00e4lle (abelaade; pdf) Griffdab\u00e4lle (alli) Griffdab\u00e4lle aifach Griffdab\u00e4lle kombaggt Griffdab\u00e4lle normal Griffdab\u00e4lle triller<\/p>\n","protected":false},"author":1,"featured_media":0,"parent":739,"menu_order":0,"comment_status":"closed","ping_status":"closed","template":"","meta":{"ngg_post_thumbnail":0,"footnotes":""},"class_list":["post-744","page","type-page","status-publish","hentry"],"_links":{"self":[{"href":"https:\/\/www.pfyffersyte.ch\/index.php?rest_route=\/wp\/v2\/pages\/744","targetHints":{"allow":["GET"]}}],"collection":[{"href":"https:\/\/www.pfyffersyte.ch\/index.php?rest_route=\/wp\/v2\/pages"}],"about":[{"href":"https:\/\/www.pfyffersyte.ch\/index.php?rest_route=\/wp\/v2\/types\/page"}],"author":[{"embeddable":true,"href":"https:\/\/www.pfyffersyte.ch\/index.php?rest_route=\/wp\/v2\/users\/1"}],"replies":[{"embeddable":true,"href":"https:\/\/www.pfyffersyte.ch\/index.php?rest_route=%2Fwp%2Fv2%2Fcomments&post=744"}],"version-history":[{"count":11,"href":"https:\/\/www.pfyffersyte.ch\/index.php?rest_route=\/wp\/v2\/pages\/744\/revisions"}],"predecessor-version":[{"id":1153,"href":"https:\/\/www.pfyffersyte.ch\/index.php?rest_route=\/wp\/v2\/pages\/744\/revisions\/1153"}],"up":[{"embeddable":true,"href":"https:\/\/www.pfyffersyte.ch\/index.php?rest_route=\/wp\/v2\/pages\/739"}],"wp:attachment":[{"href":"https:\/\/www.pfyffersyte.ch\/index.php?rest_route=%2Fwp%2Fv2%2Fmedia&parent=744"}],"curies":[{"name":"wp","href":"https:\/\/api.w.org\/{rel}","templated":true}]}}