{"id":762,"date":"2021-10-09T11:25:03","date_gmt":"2021-10-09T09:25:03","guid":{"rendered":"https:\/\/www.pfyffersyte.ch\/?page_id=762"},"modified":"2021-12-03T11:51:11","modified_gmt":"2021-12-03T10:51:11","slug":"links","status":"publish","type":"page","link":"https:\/\/www.pfyffersyte.ch\/?page_id=762","title":{"rendered":"Links"},"content":{"rendered":"\n<h1 class=\"wp-block-heading\">Links zum Thema Piccolo<\/h1>\n\n\n\n<p><a rel=\"noreferrer noopener\" href=\"http:\/\/www.vtour.ch\/fasnacht\/piccolo\/piccolo1d.html\" target=\"_blank\"><strong>Das Piccolo<\/strong><\/a><br>Eine Site, extra dem Piccolo gewidmet auf \u00abBasel online\u00bb<\/p>\n\n\n\n<p><a rel=\"noreferrer noopener\" href=\"http:\/\/www.floetenbau.ch\/td_ausf.html\" target=\"_blank\"><strong>Allerlei Wissenswertes \u00fcber Travers- und Blockfl\u00f6ten.<\/strong><\/a><br>Die Site von Thomas Fehr, Fl\u00f6tenbau, St\u00e4fa, enth\u00e4lt sehr viele n\u00fctzliche Informationen \u00fcber das Handling (\u00d6len, Griffe, Klappen) und die Spielweise von Traversfl\u00f6ten (Piccolos). <strong>Neu gefunden:<\/strong> Eine <a href=\"http:\/\/www.floetenbau.ch\/gt_dev_6.html\">Grifftabelle<\/a> von Fran\u00e7ois Devienne (1795-1813)<\/p>\n\n\n\n<p id=\"Nat\"><strong><a rel=\"noreferrer noopener\" href=\"http:\/\/www.pandreams.ch\/hto\/InstrumentenbauBohnet\/StartseiteframeInstrumentenbau.htm\" target=\"_blank\">www.pandreams.ch<\/a><\/strong><br>Die Site des Pfeifenbauers Manfred Bohner. Er stellt die im Wallis gebr\u00e4uchlichen Natw\u00e4rischpfeifen her. Auf seiner Seite ist die Fl\u00f6te zu <a href=\"http:\/\/www.pandreams.ch\/hto\/InstrumentenbauBohnet\/Natwaerischpfeifen\/SartseiteframeNatwaerisch.htm\">h\u00f6ren<\/a>, eine Grifftabelle einzusehen und auch angegeben, wie man die Pfeife pflegt .(<a href=\"https:\/\/www.youtube.com\/watch?v=HU36_DlUKQg\">Orgel- und Natw\u00e4rischpfeife: Sarah Brunner und Didier Furrer Spielen dern MIKUSI<\/a>)  <\/p>\n\n\n\n<p id=\"Schwegel\"><a href=\"https:\/\/www.ennstalwiki.at\/wiki\/index.php\/Seitelpfeife\"><strong>Ennstal-Wiki<\/strong><\/a><br>Auf der \u00f6sterreichischen EnnstalWiki-Seite wird der Schwegel (Seitlpfeife) beschrieben. Zudem vermitteln Videos Eindr\u00fccke, wie das Instrument t\u00f6nt. <\/p>\n\n\n\n<p id=\"Seitl\"><strong><a href=\"https:\/\/www.wikiwand.com\/de\/Schwegel\">Wikiwand<\/a><\/strong><br>Auf der Wikiwand-Seite wird der Schwegel und die Seitlpfeife vorgestellt. Ein Literaturverzeichnis und diverse Weblinks lassen weitere Recherchen zu.<br><br><a rel=\"noreferrer noopener\" href=\"http:\/\/flutepage.de\" target=\"_blank\"><strong>Claudias Flutepage<\/strong><\/a><br>Eine instruktive und gut gestaltete Site \u00fcber die Querfl\u00f6te, wobei auch das Piccolo zu Ehren kommt (Nicht das Basler Piccolo!). Die Rubriken: Instrument, Geschichte, Fl\u00f6tisten, Komponisten, Noten, B\u00fccher, Goodies.<br><br><a rel=\"noreferrer noopener\" href=\"http:\/\/www.newflutegeneration.ch\" target=\"_blank\"><strong>New flutegeneration<\/strong><\/a><br>J\u00e4hrlich im Herbst kommen in Boswil (Quer-)Fl\u00f6tenlehrer\/-innen aus dem In- und Ausland zu Gedankenaustausch und Workshops zusammen. Auf der Homepage werden anschliessend die Events beschrieben. Es finden sich in diesen Texten Anregungen auch f\u00fcr \u201ePiccolo-Instruktoren\/-Instruktorinnen\u201c-<\/p>\n\n\n\n<h2 class=\"wp-block-heading\">Historisches zum Thema Piccolo<\/h2>\n\n\n\n<p><a rel=\"noreferrer noopener\" href=\"http:\/\/www.tritonus.ch\/Instrumentenordner\/Schwegel.htm\" target=\"_blank\"><strong>www.tritonus.ch<\/strong><\/a><br>Eine originelle Seite mit historischen Angaben \u00fcber die Entwicklung der verschiedenen Volksinstrumente \u2013 wie z.B. des Piccolos oder auch Schwegels.<br>Der Kommentar auf der Homepage \u201eTritonus\u201c von Urs Klauser aus 9055 B\u00fchler: \u201eSeit mehr als 20 Jahren besch\u00e4ftigen wir uns als Instrumentenbauer und MusikantInnen mit der Erforschung der alten Volksmusik und -instrumente in der Schweiz bis 1800 und bringen die alten Wurzeln mit magischen Hirtenrufen, wilden T\u00e4nzen, Liedern und alten Texten wieder zum Bl\u00fchen. Eigene Bearbeitungen, Kompositionen und moderne Instrumente schaffen den Bezug zu unserer Zeit.\u201c<br>Auf der Site sind auch H\u00f6rbeispiele abzurufen.<\/p>\n\n\n\n<p><br><strong>Milit\u00e4rfl\u00f6ten des 16. Jahrhunderts<\/strong><br>Am 7. September 2002 fand in Basel der \u00abRenaissance Flute Day\u00bb statt. Ardal Powell, Folkers &amp; Powell, Makers of Historical Flutes, Hudson NY, USA, informierte dabei \u00fcber \u00abLong Military Flutes of the Sixteenth Century\u00bb. Eine Seite mit vielen historisch-interessanten Zeichnungen und Ausf\u00fchrungen.<br><\/p>\n\n\n\n<h2 class=\"wp-block-heading\">Piccolos in aller Welt<\/h2>\n\n\n\n<p><a rel=\"noreferrer noopener\" href=\"http:\/\/www.fifres-et-tambours.com\/\" target=\"_blank\"><strong>www.ifrance.com\/fifre\/<\/strong><\/a><br>Eine gut ausgebaute, reich bebilderte (auch mit Notenbeispielen) Site \u00fcber Fifres et Tambours in Frankreich.<br><\/p>\n\n\n\n<h2 class=\"wp-block-heading\">Links rund um die Fasnacht<\/h2>\n\n\n\n<p><a rel=\"noreferrer noopener\" href=\"http:\/\/www.fasnacht.ch\" target=\"_blank\"><strong>www.fasnacht.ch<\/strong><\/a><br>Die Fasnachts-Site, die jeder Fasn\u00e4chtler und jede Fasn\u00e4chtlerin kennen muss. Praktisch: Neben ausgiebigen Informationen kann man sich auf einem \u201eMarktplatz rund um die Fasnacht\u201c tummeln.<br><br><a rel=\"noreferrer noopener\" href=\"http:\/\/www.fasnachts-comite.ch\" target=\"_blank\"><strong>www.fasnachts-comite.ch<\/strong><\/a><br>Die animierte und \u201eoriginelle\u201c Site des Fasnachts-Comit\u00e9!!!!<\/p>\n\n\n\n<p><a rel=\"noreferrer noopener\" href=\"http:\/\/www.offiziells.ch\" target=\"_blank\"><strong>http:\/\/www.offiziells.ch<\/strong><br><\/a>Offiziells Basler Brysdrummle und -Pfyffe<br><br><a rel=\"noreferrer noopener\" href=\"http:\/\/www.charivari.ch\" target=\"_blank\"><strong>www.charivari.ch<\/strong><\/a><br>Die Website der vorfasn\u00e4chtlichen Veranstaltung \u201eCharivari\u201c im Kleinbasel (Volkshaus.) Das Charivari positioniert sich als \u201eDas Muusigtheater vo dr Fasnacht\u201c.<\/p>\n\n\n\n<figure class=\"wp-block-image size-full\"><a href=\"https:\/\/www.altbasel.ch\"><img loading=\"lazy\" decoding=\"async\" width=\"437\" height=\"92\" src=\"https:\/\/www.pfyffersyte.ch\/wp-content\/uploads\/2021\/10\/altbasel_fasnacht.jpg\" alt=\"\" class=\"wp-image-778\"\/><\/a><\/figure>\n\n\n\n<h2 class=\"wp-block-heading\">Pfyfferschuele<\/h2>\n\n\n\n<p><a rel=\"noreferrer noopener\" href=\"http:\/\/www.pfyfferschuel.ch\" target=\"_blank\"><strong>Pfyfferschuel Silvia Fuchs<\/strong><\/a><br>F\u00e4ldb\u00e4rgstroos 137, 4057 Basel,<br>Tel. 061 692 99 44 oder 078 607 12 00<br>www.pfyfferschuel.ch<br><br><br><a rel=\"noreferrer noopener\" href=\"http:\/\/www.charlyjanser.ch\" target=\"_blank\"><strong>Giselle Janser, Piccoloschule &amp; Querfl\u00f6tenunterricht<\/strong><\/a><br>Rebgasse 35, 4058 Basel,<br>Tel 079 435 92 19<br><a href=\"mailto:cjanser@dplanet.ch\">cjanser@dplanet.ch<\/a><br><br><br><a rel=\"noreferrer noopener\" href=\"http:\/\/www.pfeiferschule.ch\" target=\"_blank\"><strong>Pfeiferschule Christian Wildi<\/strong><\/a><br>Adlerstrasse 36, 4052 Basel,<br>Tel 076 573 01 71<br><a href=\"mailto:info@Pfeiferschule.ch\">info@Pfeiferschule.ch<\/a><br><\/p>\n\n\n\n<h2 class=\"wp-block-heading\">Links zu Pfeifer- und Trommler-Vereinigungen und Diverses<\/h2>\n\n\n\n<p><a rel=\"noreferrer noopener\" href=\"http:\/\/www.schlebach.ch\" target=\"_blank\"><strong>Rolf Schlebach Trommelbau und -schule<\/strong><\/a><br>Mit der dreisprachigen \u201eTambourenszene\u201c m\u00f6chte Rolf Schlebach Tambouren, Drummel-Fans und Liebhabern rhythmusbetonter Musik einen Internet-Treffpunkt zur Verf\u00fcgung stellen.<br><br><br><a rel=\"noreferrer noopener\" href=\"http:\/\/www.fifedrum.org\/webring\" target=\"_blank\"><strong>The Fife and Drum webring<\/strong><\/a><br>Ein Webring, in dem bereits \u00fcber f\u00fcnfzig Homepages aus verschiedenen L\u00e4ndern zusammengefasst sind. Alle Websites haben das \u00abPfeifen und Trommeln\u00bb zum Inhalt.<br><br><a rel=\"noreferrer noopener\" href=\"http:\/\/companyoffifeanddrum.org\" target=\"_blank\"><strong>The Compagny of Fifers &amp; Drummers<\/strong><\/a> <\/p>\n\n\n\n<p>Eine Compagny aus Ivoryton, CT, USA<\/p>\n","protected":false},"excerpt":{"rendered":"<p>Links zum Thema Piccolo Das PiccoloEine Site, extra dem Piccolo gewidmet auf \u00abBasel online\u00bb Allerlei Wissenswertes \u00fcber Travers- und Blockfl\u00f6ten.Die Site von Thomas Fehr, Fl\u00f6tenbau, St\u00e4fa, enth\u00e4lt sehr viele n\u00fctzliche Informationen \u00fcber das Handling (\u00d6len, Griffe, Klappen) und die Spielweise von Traversfl\u00f6ten (Piccolos). Neu gefunden: Eine Grifftabelle von Fran\u00e7ois Devienne &hellip;<\/p>\n","protected":false},"author":1,"featured_media":0,"parent":739,"menu_order":1,"comment_status":"closed","ping_status":"closed","template":"","meta":{"ngg_post_thumbnail":0,"footnotes":""},"class_list":["post-762","page","type-page","status-publish","hentry"],"_links":{"self":[{"href":"https:\/\/www.pfyffersyte.ch\/index.php?rest_route=\/wp\/v2\/pages\/762","targetHints":{"allow":["GET"]}}],"collection":[{"href":"https:\/\/www.pfyffersyte.ch\/index.php?rest_route=\/wp\/v2\/pages"}],"about":[{"href":"https:\/\/www.pfyffersyte.ch\/index.php?rest_route=\/wp\/v2\/types\/page"}],"author":[{"embeddable":true,"href":"https:\/\/www.pfyffersyte.ch\/index.php?rest_route=\/wp\/v2\/users\/1"}],"replies":[{"embeddable":true,"href":"https:\/\/www.pfyffersyte.ch\/index.php?rest_route=%2Fwp%2Fv2%2Fcomments&post=762"}],"version-history":[{"count":19,"href":"https:\/\/www.pfyffersyte.ch\/index.php?rest_route=\/wp\/v2\/pages\/762\/revisions"}],"predecessor-version":[{"id":1335,"href":"https:\/\/www.pfyffersyte.ch\/index.php?rest_route=\/wp\/v2\/pages\/762\/revisions\/1335"}],"up":[{"embeddable":true,"href":"https:\/\/www.pfyffersyte.ch\/index.php?rest_route=\/wp\/v2\/pages\/739"}],"wp:attachment":[{"href":"https:\/\/www.pfyffersyte.ch\/index.php?rest_route=%2Fwp%2Fv2%2Fmedia&parent=762"}],"curies":[{"name":"wp","href":"https:\/\/api.w.org\/{rel}","templated":true}]}}