{"id":796,"date":"2021-10-10T11:02:40","date_gmt":"2021-10-10T09:02:40","guid":{"rendered":"https:\/\/www.pfyffersyte.ch\/?page_id=796"},"modified":"2021-10-14T11:29:24","modified_gmt":"2021-10-14T09:29:24","slug":"fasnacht","status":"publish","type":"page","link":"https:\/\/www.pfyffersyte.ch\/?page_id=796","title":{"rendered":"Fasnacht"},"content":{"rendered":"\n<h1 class=\"wp-block-heading\">Fasnacht<\/h1>\n\n\n\n<div class=\"wp-block-columns is-layout-flex wp-container-core-columns-is-layout-9d6595d7 wp-block-columns-is-layout-flex\">\n<div class=\"wp-block-column is-vertically-aligned-center is-layout-flow wp-block-column-is-layout-flow\">\n<p><strong><a href=\"?page_id=798\">Fasnachtslexikon<\/a><\/strong><br>Hier werden einige fasn\u00e4chtliche Ausdr\u00fccke und Ereignisse kurz erkl\u00e4rt. Die Texte sind vor allem f\u00fcr Besucher und Besucherinnen gedacht, welche die Basler Fasnacht nicht (so gut) kennen.<\/p>\n\n\n\n<p><br><strong><a href=\"?page_id=812\">Fasnachtskal\u00e4nder bis 2050<\/a><\/strong><br>Hier sind die Daten der Basler Fasnacht von 2005 bis 2050 aufgef\u00fchrt.<\/p>\n\n\n\n<p><strong><a href=\"?page_id=1038\">Fastnacht-\/Faschingsz\u00fcge aus dem 19. Jahrhundert<\/a><\/strong><\/p>\n<\/div>\n\n\n\n<div class=\"wp-block-column is-layout-flow wp-block-column-is-layout-flow\">\n<figure class=\"wp-block-image size-full\"><img loading=\"lazy\" decoding=\"async\" width=\"768\" height=\"576\" src=\"https:\/\/www.pfyffersyte.ch\/wp-content\/uploads\/2021\/10\/img_0066.jpg\" alt=\"\" class=\"wp-image-825\" srcset=\"https:\/\/www.pfyffersyte.ch\/wp-content\/uploads\/2021\/10\/img_0066.jpg 768w, https:\/\/www.pfyffersyte.ch\/wp-content\/uploads\/2021\/10\/img_0066-400x300.jpg 400w\" sizes=\"auto, (max-width: 768px) 100vw, 768px\" \/><\/figure>\n<\/div>\n<\/div>\n","protected":false},"excerpt":{"rendered":"<p>Fasnacht FasnachtslexikonHier werden einige fasn\u00e4chtliche Ausdr\u00fccke und Ereignisse kurz erkl\u00e4rt. Die Texte sind vor allem f\u00fcr Besucher und Besucherinnen gedacht, welche die Basler Fasnacht nicht (so gut) kennen. Fasnachtskal\u00e4nder bis 2050Hier sind die Daten der Basler Fasnacht von 2005 bis 2050 aufgef\u00fchrt. Fastnacht-\/Faschingsz\u00fcge aus dem 19. Jahrhundert<\/p>\n","protected":false},"author":1,"featured_media":0,"parent":0,"menu_order":2,"comment_status":"closed","ping_status":"closed","template":"","meta":{"ngg_post_thumbnail":0,"footnotes":""},"class_list":["post-796","page","type-page","status-publish","hentry"],"_links":{"self":[{"href":"https:\/\/www.pfyffersyte.ch\/index.php?rest_route=\/wp\/v2\/pages\/796","targetHints":{"allow":["GET"]}}],"collection":[{"href":"https:\/\/www.pfyffersyte.ch\/index.php?rest_route=\/wp\/v2\/pages"}],"about":[{"href":"https:\/\/www.pfyffersyte.ch\/index.php?rest_route=\/wp\/v2\/types\/page"}],"author":[{"embeddable":true,"href":"https:\/\/www.pfyffersyte.ch\/index.php?rest_route=\/wp\/v2\/users\/1"}],"replies":[{"embeddable":true,"href":"https:\/\/www.pfyffersyte.ch\/index.php?rest_route=%2Fwp%2Fv2%2Fcomments&post=796"}],"version-history":[{"count":8,"href":"https:\/\/www.pfyffersyte.ch\/index.php?rest_route=\/wp\/v2\/pages\/796\/revisions"}],"predecessor-version":[{"id":1145,"href":"https:\/\/www.pfyffersyte.ch\/index.php?rest_route=\/wp\/v2\/pages\/796\/revisions\/1145"}],"wp:attachment":[{"href":"https:\/\/www.pfyffersyte.ch\/index.php?rest_route=%2Fwp%2Fv2%2Fmedia&parent=796"}],"curies":[{"name":"wp","href":"https:\/\/api.w.org\/{rel}","templated":true}]}}