{"id":812,"date":"2021-10-10T13:17:38","date_gmt":"2021-10-10T11:17:38","guid":{"rendered":"https:\/\/www.pfyffersyte.ch\/?page_id=812"},"modified":"2023-02-27T08:45:20","modified_gmt":"2023-02-27T07:45:20","slug":"fasnachts-kalaender","status":"publish","type":"page","link":"https:\/\/www.pfyffersyte.ch\/?page_id=812","title":{"rendered":"Fasnachts-Kal\u00e4nder"},"content":{"rendered":"\n<h1 class=\"wp-block-heading\">Fasnachts-Kal\u00e4nder<\/h1>\n\n\n\n<figure class=\"wp-block-table is-style-stripes\"><table class=\"has-background\" style=\"background-color:#e7f5fe\"><tbody><tr><td>4. M\u00e4rz 2011<\/td><td>22. Februar 2021<\/td><td>3. M\u00e4rz 2031<\/td><td>11. M\u00e4rz 2041<\/td><\/tr><tr><td>27. Februar 2012<\/td><td>7. M\u00e4rz 2022<\/td><td>16. Februar 2032<\/td><td>24. Februar 2042<\/td><\/tr><tr><td>18. Februar 2013<\/td><td>27. Februar 2023<\/td><td>7. M\u00e4rz 2033<\/td><td>16. Februar 2043<\/td><\/tr><tr><td>10. M\u00e4rz 2014<\/td><td>19. Februar 2024<\/td><td>27. Februar 2034<\/td><td>7. M\u00e4rz 2044<\/td><\/tr><tr><td>23. Februar 2015<\/td><td>10. M\u00e4rz 2025<\/td><td>12. Februar 2035<\/td><td>27. Februar 2045<\/td><\/tr><tr><td>15. Februar 2016<\/td><td>23. Februar 2026<\/td><td>3. M\u00e4rz 2036<\/td><td>12. Februar 2046<\/td><\/tr><tr><td>6. M\u00e4rz 2017<\/td><td>15. Februar 2027<\/td><td>23. Februar 2037<\/td><td>4. M\u00e4rz 2047<\/td><\/tr><tr><td>19. Februar 2018<\/td><td>6. M\u00e4rz 2028<\/td><td>15. M\u00e4rz 2038<\/td><td>24. Februar 2048<\/td><\/tr><tr><td>11. M\u00e4rz 2019<\/td><td>19. Februar 2029<\/td><td>28. Februar 2039<\/td><td>8. M\u00e4rz 2049<\/td><\/tr><tr><td>2. M\u00e4rz 2020<\/td><td>11. M\u00e4rz 2030<\/td><td>20. Februar 2040<\/td><td>28. Februar 2050<\/td><\/tr><\/tbody><\/table><\/figure>\n\n\n\n<p class=\"has-text-align-center has-large-font-size\"><a href=\"https:\/\/www.pfyffersyte.ch\/?page_id=814\">Wie lang goots no zur Fasnacht?<\/a><\/p>\n","protected":false},"excerpt":{"rendered":"<p>Fasnachts-Kal\u00e4nder 4. M\u00e4rz 2011 22. Februar 2021 3. M\u00e4rz 2031 11. M\u00e4rz 2041 27. Februar 2012 7. M\u00e4rz 2022 16. Februar 2032 24. Februar 2042 18. Februar 2013 27. Februar 2023 7. M\u00e4rz 2033 16. Februar 2043 10. M\u00e4rz 2014 19. Februar 2024 27. Februar 2034 7. M\u00e4rz 2044 23. &hellip;<\/p>\n","protected":false},"author":1,"featured_media":0,"parent":796,"menu_order":1,"comment_status":"closed","ping_status":"closed","template":"","meta":{"ngg_post_thumbnail":0,"footnotes":""},"class_list":["post-812","page","type-page","status-publish","hentry"],"_links":{"self":[{"href":"https:\/\/www.pfyffersyte.ch\/index.php?rest_route=\/wp\/v2\/pages\/812","targetHints":{"allow":["GET"]}}],"collection":[{"href":"https:\/\/www.pfyffersyte.ch\/index.php?rest_route=\/wp\/v2\/pages"}],"about":[{"href":"https:\/\/www.pfyffersyte.ch\/index.php?rest_route=\/wp\/v2\/types\/page"}],"author":[{"embeddable":true,"href":"https:\/\/www.pfyffersyte.ch\/index.php?rest_route=\/wp\/v2\/users\/1"}],"replies":[{"embeddable":true,"href":"https:\/\/www.pfyffersyte.ch\/index.php?rest_route=%2Fwp%2Fv2%2Fcomments&post=812"}],"version-history":[{"count":3,"href":"https:\/\/www.pfyffersyte.ch\/index.php?rest_route=\/wp\/v2\/pages\/812\/revisions"}],"predecessor-version":[{"id":1532,"href":"https:\/\/www.pfyffersyte.ch\/index.php?rest_route=\/wp\/v2\/pages\/812\/revisions\/1532"}],"up":[{"embeddable":true,"href":"https:\/\/www.pfyffersyte.ch\/index.php?rest_route=\/wp\/v2\/pages\/796"}],"wp:attachment":[{"href":"https:\/\/www.pfyffersyte.ch\/index.php?rest_route=%2Fwp%2Fv2%2Fmedia&parent=812"}],"curies":[{"name":"wp","href":"https:\/\/api.w.org\/{rel}","templated":true}]}}