{"id":836,"date":"2021-10-11T17:35:36","date_gmt":"2021-10-11T15:35:36","guid":{"rendered":"https:\/\/www.pfyffersyte.ch\/?page_id=836"},"modified":"2022-03-08T10:48:55","modified_gmt":"2022-03-08T09:48:55","slug":"maersch","status":"publish","type":"page","link":"https:\/\/www.pfyffersyte.ch\/?page_id=836","title":{"rendered":"M\u00e4rsch"},"content":{"rendered":"\n<h1 class=\"wp-block-heading\">Fasnachts-M\u00e4rsch<\/h1>\n\n\n\n<h3 class=\"wp-block-heading\"><strong>zum Loose, zum Abelaade oder sogar zum Uffelade<\/strong><\/h3>\n\n\n\n<div style=\"height:45px\" aria-hidden=\"true\" class=\"wp-block-spacer\"><\/div>\n\n\n\n<div class=\"wp-block-columns are-vertically-aligned-center is-layout-flex wp-container-core-columns-is-layout-9d6595d7 wp-block-columns-is-layout-flex\">\n<div class=\"wp-block-column is-vertically-aligned-center is-layout-flow wp-block-column-is-layout-flow\" style=\"flex-basis:66.66%\">\n<p><strong><a href=\"https:\/\/www.pfyffersyte.ch\/?page_id=1436\">Morgestraich<\/a><\/strong><br>E vierti Stimme zem Morgestraich<\/p>\n\n\n\n<p><strong><a href=\"?page_id=838\">Loos emol!<\/a><\/strong><br>Do kasch d Aaf\u00e4ng vo \u00f6bbe hundert M\u00e4rsch loose.<\/p>\n\n\n\n<p><strong><a href=\"?page_id=840\">Loose \u2013 abelaade<\/a><\/strong><a href=\"https:\/\/www.pfyffersyte-neu.ch\/maersch\/loose-abelaade\/\"><\/a><br>Do kasch e baar&nbsp; M\u00e4rsch loose und d Noote abelaade.<\/p>\n\n\n\n<p><strong><a href=\"?page_id=842\">Uffelaade<\/a><\/strong><a href=\"http:\/\/uffelaade\"><\/a><br>Wenn de e Marsch gschryybe hesch und de willsch en nit uff Papyyr useg\u00e4\u00e4, kasch d Noote (und eventuell au d Midi-Datei) do uffelade. Mr dien en denn uff d Abelaade-Syte.<\/p>\n<\/div>\n\n\n\n<div class=\"wp-block-column is-vertically-aligned-center is-layout-flow wp-block-column-is-layout-flow\" style=\"flex-basis:50%\">\n<figure class=\"wp-block-image size-full is-resized\"><img loading=\"lazy\" decoding=\"async\" src=\"https:\/\/www.pfyffersyte.ch\/wp-content\/uploads\/2021\/10\/035.jpg\" alt=\"\" class=\"wp-image-931\" width=\"504\" height=\"430\" srcset=\"https:\/\/www.pfyffersyte.ch\/wp-content\/uploads\/2021\/10\/035.jpg 672w, https:\/\/www.pfyffersyte.ch\/wp-content\/uploads\/2021\/10\/035-352x300.jpg 352w\" sizes=\"auto, (max-width: 504px) 100vw, 504px\" \/><\/figure>\n<\/div>\n<\/div>\n","protected":false},"excerpt":{"rendered":"<p>Fasnachts-M\u00e4rsch zum Loose, zum Abelaade oder sogar zum Uffelade MorgestraichE vierti Stimme zem Morgestraich Loos emol!Do kasch d Aaf\u00e4ng vo \u00f6bbe hundert M\u00e4rsch loose. Loose \u2013 abelaadeDo kasch e baar&nbsp; M\u00e4rsch loose und d Noote abelaade. UffelaadeWenn de e Marsch gschryybe hesch und de willsch en nit uff Papyyr useg\u00e4\u00e4, &hellip;<\/p>\n","protected":false},"author":1,"featured_media":0,"parent":0,"menu_order":3,"comment_status":"closed","ping_status":"closed","template":"","meta":{"ngg_post_thumbnail":0,"footnotes":""},"class_list":["post-836","page","type-page","status-publish","hentry"],"_links":{"self":[{"href":"https:\/\/www.pfyffersyte.ch\/index.php?rest_route=\/wp\/v2\/pages\/836","targetHints":{"allow":["GET"]}}],"collection":[{"href":"https:\/\/www.pfyffersyte.ch\/index.php?rest_route=\/wp\/v2\/pages"}],"about":[{"href":"https:\/\/www.pfyffersyte.ch\/index.php?rest_route=\/wp\/v2\/types\/page"}],"author":[{"embeddable":true,"href":"https:\/\/www.pfyffersyte.ch\/index.php?rest_route=\/wp\/v2\/users\/1"}],"replies":[{"embeddable":true,"href":"https:\/\/www.pfyffersyte.ch\/index.php?rest_route=%2Fwp%2Fv2%2Fcomments&post=836"}],"version-history":[{"count":5,"href":"https:\/\/www.pfyffersyte.ch\/index.php?rest_route=\/wp\/v2\/pages\/836\/revisions"}],"predecessor-version":[{"id":1479,"href":"https:\/\/www.pfyffersyte.ch\/index.php?rest_route=\/wp\/v2\/pages\/836\/revisions\/1479"}],"wp:attachment":[{"href":"https:\/\/www.pfyffersyte.ch\/index.php?rest_route=%2Fwp%2Fv2%2Fmedia&parent=836"}],"curies":[{"name":"wp","href":"https:\/\/api.w.org\/{rel}","templated":true}]}}